{"id":1016,"date":"2023-04-20T04:21:41","date_gmt":"2023-04-20T04:21:41","guid":{"rendered":"https:\/\/meehrbaden.baederkultur.ch\/?page_id=1016"},"modified":"2023-06-16T09:53:27","modified_gmt":"2023-06-16T09:53:27","slug":"impressum","status":"publish","type":"page","link":"https:\/\/meehrbaden.baederkultur.ch\/en\/impressum\/","title":{"rendered":"Impressum"},"content":{"rendered":"<p>[et_pb_section fb_built=&#8220;1&#8243; admin_label=&#8220;Detailseiten&#8220; _builder_version=&#8220;4.20.2&#8243; _module_preset=&#8220;default&#8220; custom_padding=&#8220;||100px||false|false&#8220; global_colors_info=&#8220;{}&#8220;][et_pb_row column_structure=&#8220;3_5,2_5&#8243; admin_label=&#8220;Inhalt&#8220; _builder_version=&#8220;4.20.2&#8243; _module_preset=&#8220;default&#8220; width=&#8220;100%&#8220; max_width=&#8220;2560px&#8220; module_alignment=&#8220;center&#8220; custom_margin=&#8220;0px||||false|false&#8220; custom_padding=&#8220;0px|3%||3%|false|true&#8220; border_color_all=&#8220;#FFFFFF&#8220; global_colors_info=&#8220;{}&#8220;][et_pb_column type=&#8220;3_5&#8243; _builder_version=&#8220;4.20.2&#8243; _module_preset=&#8220;default&#8220; global_colors_info=&#8220;{}&#8220;][et_pb_text _builder_version=&#8220;4.20.4&#8243; _module_preset=&#8220;default&#8220; header_2_text_color=&#8220;#e02b20&#8243; header_2_font_size=&#8220;60px&#8220; custom_margin=&#8220;||30px||false|false&#8220; custom_padding=&#8220;0px||||false|false&#8220; header_2_font_size_tablet=&#8220;60px&#8220; header_2_font_size_phone=&#8220;44px&#8220; header_2_font_size_last_edited=&#8220;on|phone&#8220; global_colors_info=&#8220;{}&#8220;]<\/p>\n<h2>Impressum<\/h2>\n<p>[\/et_pb_text][et_pb_text _builder_version=&#8220;4.20.4&#8243; _module_preset=&#8220;default&#8220; header_3_text_color=&#8220;#e02b20&#8243; header_3_font_size=&#8220;36px&#8220; header_3_line_height=&#8220;1.3em&#8220; custom_margin=&#8220;||30px||false|false&#8220; header_3_font_size_tablet=&#8220;44px&#8220; header_3_font_size_phone=&#8220;36px&#8220; header_3_font_size_last_edited=&#8220;on|phone&#8220; global_colors_info=&#8220;{}&#8220;]<\/p>\n<h3>Verantwortung f\u00fcr Texte und Inhalte<\/h3>\n<p>[\/et_pb_text][et_pb_text _builder_version=&#8220;4.20.4&#8243; _module_preset=&#8220;default&#8220; text_text_color=&#8220;#e86058&#8243; text_font_size=&#8220;20px&#8220; text_line_height=&#8220;1.8em&#8220; custom_margin=&#8220;||100px||false|false&#8220; hover_enabled=&#8220;0&#8243; text_font_size_tablet=&#8220;20px&#8220; text_font_size_phone=&#8220;15px&#8220; text_font_size_last_edited=&#8220;on|phone&#8220; global_colors_info=&#8220;{}&#8220; sticky_enabled=&#8220;0&#8243;]<\/p>\n<p>Kuratorium Mara Miccich\u00e8 und Marco Peronim im Auftrag des B\u00e4derverein Baden,<br \/>B\u00e4derstrasse 18, 5400 Baden, Telefon 056 520 75 88<br \/><a href=\"mailto:info@baederkultur.ch\" target=\"_blank\" rel=\"noopener\"><u>info@baederkultur.ch<\/u><\/a><\/p>\n<p>[\/et_pb_text][et_pb_text _builder_version=&#8220;4.20.4&#8243; _module_preset=&#8220;default&#8220; header_3_text_color=&#8220;#e02b20&#8243; header_3_font_size=&#8220;36px&#8220; header_3_line_height=&#8220;1.3em&#8220; custom_margin=&#8220;||30px||false|false&#8220; header_3_font_size_tablet=&#8220;44px&#8220; header_3_font_size_phone=&#8220;36px&#8220; header_3_font_size_last_edited=&#8220;on|phone&#8220; global_colors_info=&#8220;{}&#8220;]<\/p>\n<h3>Bildnachweis<\/h3>\n<p>[\/et_pb_text][et_pb_text _builder_version=&#8220;4.20.4&#8243; _module_preset=&#8220;default&#8220; text_text_color=&#8220;#e86058&#8243; text_font_size=&#8220;20px&#8220; text_line_height=&#8220;1.8em&#8220; custom_margin=&#8220;||100px||false|false&#8220; hover_enabled=&#8220;0&#8243; text_font_size_tablet=&#8220;20px&#8220; text_font_size_phone=&#8220;15px&#8220; text_font_size_last_edited=&#8220;on|phone&#8220; global_colors_info=&#8220;{}&#8220; sticky_enabled=&#8220;0&#8243;]<\/p>\n<p>Isabelle Meiffert und Mirko Winkel: Kuratorium \u00abVom Baden lernen\u00bb<br \/>B\u00e4derverein Baden<\/p>\n<p>[\/et_pb_text][et_pb_text _builder_version=&#8220;4.20.4&#8243; _module_preset=&#8220;default&#8220; header_3_text_color=&#8220;#e02b20&#8243; header_3_font_size=&#8220;36px&#8220; header_3_line_height=&#8220;1.3em&#8220; custom_margin=&#8220;||30px||false|false&#8220; header_3_font_size_tablet=&#8220;44px&#8220; header_3_font_size_phone=&#8220;36px&#8220; header_3_font_size_last_edited=&#8220;on|phone&#8220; global_colors_info=&#8220;{}&#8220;]<\/p>\n<h3>Konzept &amp; Realisation<\/h3>\n<p>[\/et_pb_text][et_pb_text _builder_version=&#8220;4.20.4&#8243; _module_preset=&#8220;default&#8220; text_text_color=&#8220;#e86058&#8243; text_font_size=&#8220;20px&#8220; text_line_height=&#8220;1.8em&#8220; custom_margin=&#8220;||100px||false|false&#8220; text_font_size_tablet=&#8220;20px&#8220; text_font_size_phone=&#8220;15px&#8220; text_font_size_last_edited=&#8220;on|phone&#8220; global_colors_info=&#8220;{}&#8220;]<\/p>\n<p>Sehstoff, Marketing Kommunikation, Baden<br \/><a href=\"http:\/\/www.sehstoff.ch\" target=\"_blank\" rel=\"noopener noreferrer\"><u>sehstoff.ch<\/u><\/a><\/p>\n<p>[\/et_pb_text][et_pb_text _builder_version=&#8220;4.20.4&#8243; _module_preset=&#8220;default&#8220; header_3_text_color=&#8220;#e02b20&#8243; header_3_font_size=&#8220;36px&#8220; header_3_line_height=&#8220;1.3em&#8220; custom_margin=&#8220;||30px||false|false&#8220; header_3_font_size_tablet=&#8220;44px&#8220; header_3_font_size_phone=&#8220;36px&#8220; header_3_font_size_last_edited=&#8220;on|phone&#8220; global_colors_info=&#8220;{}&#8220;]<\/p>\n<h3>Copyright<\/h3>\n<p>[\/et_pb_text][et_pb_text _builder_version=&#8220;4.20.4&#8243; _module_preset=&#8220;default&#8220; text_text_color=&#8220;#e86058&#8243; text_font_size=&#8220;20px&#8220; text_line_height=&#8220;1.8em&#8220; custom_margin=&#8220;||100px||false|false&#8220; text_font_size_tablet=&#8220;20px&#8220; text_font_size_phone=&#8220;15px&#8220; text_font_size_last_edited=&#8220;on|phone&#8220; global_colors_info=&#8220;{}&#8220;]<\/p>\n<p>B\u00e4derverein Baden, B\u00e4derstrasse 18, 5400 Baden, Telefon 056 520 75 88<br \/><u><a href=\"mailto:willkommen@baederverein.ch\">willkommen@baederverein.ch<\/a><\/u><\/p>\n<p>[\/et_pb_text][\/et_pb_column][et_pb_column type=&#8220;2_5&#8243; _builder_version=&#8220;4.20.2&#8243; _module_preset=&#8220;default&#8220; global_colors_info=&#8220;{}&#8220;][\/et_pb_column][\/et_pb_row][\/et_pb_section]<\/p>","protected":false},"excerpt":{"rendered":"<p>ImpressumVerantwortung f\u00fcr Texte und InhalteKuratorium Mara Miccich\u00e8 und Marco Peronim im Auftrag des B\u00e4derverein Baden,B\u00e4derstrasse 18, 5400 Baden, Telefon 056 520 75 88info@baederkultur.chBildnachweisIsabelle Meiffert und Mirko Winkel: Kuratorium \u00abVom Baden lernen\u00bbB\u00e4derverein BadenKonzept &amp; RealisationSehstoff, Marketing Kommunikation, Badensehstoff.chCopyrightB\u00e4derverein Baden, B\u00e4derstrasse 18, 5400 Baden, Telefon 056 520 75 88willkommen@baederverein.ch<\/p>","protected":false},"author":1,"featured_media":0,"parent":0,"menu_order":0,"comment_status":"closed","ping_status":"closed","template":"","meta":{"_et_pb_use_builder":"on","_et_pb_old_content":"","_et_gb_content_width":""},"yoast_head":"<!-- This site is optimized with the Yoast SEO plugin v20.8 - https:\/\/yoast.com\/wordpress\/plugins\/seo\/ -->\n<title>B\u00e4derkultur Baden Impressum<\/title>\n<meta name=\"robots\" content=\"index, follow, max-snippet:-1, max-image-preview:large, max-video-preview:-1\" \/>\n<link rel=\"canonical\" href=\"https:\/\/meehrbaden.baederkultur.ch\/en\/impressum\/\" \/>\n<meta property=\"og:locale\" content=\"en_GB\" \/>\n<meta property=\"og:type\" content=\"article\" \/>\n<meta property=\"og:title\" content=\"B\u00e4derkultur Baden Impressum\" \/>\n<meta property=\"og:description\" content=\"ImpressumVerantwortung f\u00fcr Texte und InhalteKuratorium Mara Miccich\u00e8 und Marco Peronim im Auftrag des B\u00e4derverein Baden,B\u00e4derstrasse 18, 5400 Baden, Telefon 056 520 75 88info@baederkultur.chBildnachweisIsabelle Meiffert und Mirko Winkel: Kuratorium \u00abVom Baden lernen\u00bbB\u00e4derverein BadenKonzept &amp; RealisationSehstoff, Marketing Kommunikation, Badensehstoff.chCopyrightB\u00e4derverein Baden, B\u00e4derstrasse 18, 5400 Baden, Telefon 056 520 75 88willkommen@baederverein.ch\" \/>\n<meta property=\"og:url\" content=\"https:\/\/meehrbaden.baederkultur.ch\/en\/impressum\/\" \/>\n<meta property=\"og:site_name\" content=\"B\u00e4derkultur Baden\" \/>\n<meta property=\"article:modified_time\" content=\"2023-06-16T09:53:27+00:00\" \/>\n<meta name=\"twitter:card\" content=\"summary_large_image\" \/>\n<meta name=\"twitter:label1\" content=\"Estimated reading time\" \/>\n\t<meta name=\"twitter:data1\" content=\"2 minutes\" \/>\n<script type=\"application\/ld+json\" class=\"yoast-schema-graph\">{\"@context\":\"https:\/\/schema.org\",\"@graph\":[{\"@type\":\"WebPage\",\"@id\":\"https:\/\/meehrbaden.baederkultur.ch\/impressum\/\",\"url\":\"https:\/\/meehrbaden.baederkultur.ch\/impressum\/\",\"name\":\"B\u00e4derkultur Baden Impressum\",\"isPartOf\":{\"@id\":\"https:\/\/meehrbaden.baederkultur.ch\/#website\"},\"datePublished\":\"2023-04-20T04:21:41+00:00\",\"dateModified\":\"2023-06-16T09:53:27+00:00\",\"breadcrumb\":{\"@id\":\"https:\/\/meehrbaden.baederkultur.ch\/impressum\/#breadcrumb\"},\"inLanguage\":\"en-GB\",\"potentialAction\":[{\"@type\":\"ReadAction\",\"target\":[\"https:\/\/meehrbaden.baederkultur.ch\/impressum\/\"]}]},{\"@type\":\"BreadcrumbList\",\"@id\":\"https:\/\/meehrbaden.baederkultur.ch\/impressum\/#breadcrumb\",\"itemListElement\":[{\"@type\":\"ListItem\",\"position\":1,\"name\":\"Startseite\",\"item\":\"https:\/\/meehrbaden.baederkultur.ch\/en\/\"},{\"@type\":\"ListItem\",\"position\":2,\"name\":\"Impressum\"}]},{\"@type\":\"WebSite\",\"@id\":\"https:\/\/meehrbaden.baederkultur.ch\/#website\",\"url\":\"https:\/\/meehrbaden.baederkultur.ch\/\",\"name\":\"B\u00e4derkultur Baden\",\"description\":\"Auf den Spuren der B\u00e4derkultur\",\"potentialAction\":[{\"@type\":\"SearchAction\",\"target\":{\"@type\":\"EntryPoint\",\"urlTemplate\":\"https:\/\/meehrbaden.baederkultur.ch\/?s={search_term_string}\"},\"query-input\":\"required name=search_term_string\"}],\"inLanguage\":\"en-GB\"}]}<\/script>\n<!-- \/ Yoast SEO plugin. -->","yoast_head_json":{"title":"B\u00e4derkultur Baden Impressum","robots":{"index":"index","follow":"follow","max-snippet":"max-snippet:-1","max-image-preview":"max-image-preview:large","max-video-preview":"max-video-preview:-1"},"canonical":"https:\/\/meehrbaden.baederkultur.ch\/en\/impressum\/","og_locale":"en_GB","og_type":"article","og_title":"B\u00e4derkultur Baden Impressum","og_description":"ImpressumVerantwortung f\u00fcr Texte und InhalteKuratorium Mara Miccich\u00e8 und Marco Peronim im Auftrag des B\u00e4derverein Baden,B\u00e4derstrasse 18, 5400 Baden, Telefon 056 520 75 88info@baederkultur.chBildnachweisIsabelle Meiffert und Mirko Winkel: Kuratorium \u00abVom Baden lernen\u00bbB\u00e4derverein BadenKonzept &amp; RealisationSehstoff, Marketing Kommunikation, Badensehstoff.chCopyrightB\u00e4derverein Baden, B\u00e4derstrasse 18, 5400 Baden, Telefon 056 520 75 88willkommen@baederverein.ch","og_url":"https:\/\/meehrbaden.baederkultur.ch\/en\/impressum\/","og_site_name":"B\u00e4derkultur Baden","article_modified_time":"2023-06-16T09:53:27+00:00","twitter_card":"summary_large_image","twitter_misc":{"Estimated reading time":"2 minutes"},"schema":{"@context":"https:\/\/schema.org","@graph":[{"@type":"WebPage","@id":"https:\/\/meehrbaden.baederkultur.ch\/impressum\/","url":"https:\/\/meehrbaden.baederkultur.ch\/impressum\/","name":"B\u00e4derkultur Baden Impressum","isPartOf":{"@id":"https:\/\/meehrbaden.baederkultur.ch\/#website"},"datePublished":"2023-04-20T04:21:41+00:00","dateModified":"2023-06-16T09:53:27+00:00","breadcrumb":{"@id":"https:\/\/meehrbaden.baederkultur.ch\/impressum\/#breadcrumb"},"inLanguage":"en-GB","potentialAction":[{"@type":"ReadAction","target":["https:\/\/meehrbaden.baederkultur.ch\/impressum\/"]}]},{"@type":"BreadcrumbList","@id":"https:\/\/meehrbaden.baederkultur.ch\/impressum\/#breadcrumb","itemListElement":[{"@type":"ListItem","position":1,"name":"Startseite","item":"https:\/\/meehrbaden.baederkultur.ch\/en\/"},{"@type":"ListItem","position":2,"name":"Impressum"}]},{"@type":"WebSite","@id":"https:\/\/meehrbaden.baederkultur.ch\/#website","url":"https:\/\/meehrbaden.baederkultur.ch\/","name":"B\u00e4derkultur Baden","description":"Auf den Spuren der B\u00e4derkultur","potentialAction":[{"@type":"SearchAction","target":{"@type":"EntryPoint","urlTemplate":"https:\/\/meehrbaden.baederkultur.ch\/?s={search_term_string}"},"query-input":"required name=search_term_string"}],"inLanguage":"en-GB"}]}},"_links":{"self":[{"href":"https:\/\/meehrbaden.baederkultur.ch\/en\/wp-json\/wp\/v2\/pages\/1016"}],"collection":[{"href":"https:\/\/meehrbaden.baederkultur.ch\/en\/wp-json\/wp\/v2\/pages"}],"about":[{"href":"https:\/\/meehrbaden.baederkultur.ch\/en\/wp-json\/wp\/v2\/types\/page"}],"author":[{"embeddable":true,"href":"https:\/\/meehrbaden.baederkultur.ch\/en\/wp-json\/wp\/v2\/users\/1"}],"replies":[{"embeddable":true,"href":"https:\/\/meehrbaden.baederkultur.ch\/en\/wp-json\/wp\/v2\/comments?post=1016"}],"version-history":[{"count":21,"href":"https:\/\/meehrbaden.baederkultur.ch\/en\/wp-json\/wp\/v2\/pages\/1016\/revisions"}],"predecessor-version":[{"id":3215,"href":"https:\/\/meehrbaden.baederkultur.ch\/en\/wp-json\/wp\/v2\/pages\/1016\/revisions\/3215"}],"wp:attachment":[{"href":"https:\/\/meehrbaden.baederkultur.ch\/en\/wp-json\/wp\/v2\/media?parent=1016"}],"curies":[{"name":"wp","href":"https:\/\/api.w.org\/{rel}","templated":true}]}}